{"id":7858,"date":"2023-05-08T12:40:22","date_gmt":"2023-05-08T12:40:22","guid":{"rendered":"https:\/\/flipperuno.com\/politica-de-privacidad\/"},"modified":"2023-07-10T11:55:19","modified_gmt":"2023-07-10T11:55:19","slug":"politica-de-privacidad","status":"publish","type":"page","link":"https:\/\/flipperuno.com\/fr\/politica-de-privacidad\/","title":{"rendered":"Politique de confidentialit\u00e9"},"content":{"rendered":"<div class=\"wpb-content-wrapper\"><p>[vc_row][vc_column][vc_column_text]<\/p>\r\n<p><strong>POLITIQUE DE CONFIDENTIALIT\u00c9<\/strong><\/p>\r\n<p>La pr\u00e9sente politique de confidentialit\u00e9 d\u00e9finit les conditions dans lesquelles Agua Azul Tenerife S.L. utilise et prot\u00e8ge les informations fournies par ses utilisateurs lorsqu&#8217;ils utilisent son site Web. Cette entreprise s&#8217;engage \u00e0 assurer la s\u00e9curit\u00e9 des donn\u00e9es de ses utilisateurs. Lorsque nous vous demandons de remplir les champs d&#8217;informations personnelles avec lesquelles vous pouvez \u00eatre identifi\u00e9, nous le faisons avec l&#8217;assurance qu&#8217;elles ne seront utilis\u00e9es qu&#8217;en accord avec les termes de ce document. Toutefois, cette politique de confidentialit\u00e9 peut changer au fil du temps ou \u00eatre mise \u00e0 jour et nous vous encourageons \u00e0 consulter r\u00e9guli\u00e8rement cette page pour vous assurer que vous \u00eates satisfait de tout changement.<\/p>\r\n<p><strong>Informations collect\u00e9es<\/strong><\/p>\r\n<p>Notre site web peut collecter des informations personnelles telles que le nom, des informations de contact telles que l&#8217;adresse \u00e9lectronique et des informations d\u00e9mographiques. En outre, si n\u00e9cessaire, des informations sp\u00e9cifiques peuvent \u00eatre requises pour traiter une commande, effectuer une livraison ou une facturation.<\/p>\r\n<p><strong>Utilisation des informations collect\u00e9es<\/strong><\/p>\r\n<p>Notre site web utilise les informations afin de fournir le meilleur service possible, en particulier pour garder la trace des utilisateurs, pour garder la trace des commandes le cas \u00e9ch\u00e9ant, et pour am\u00e9liorer nos produits et services. Nous pouvons p\u00e9riodiquement envoyer des courriers \u00e9lectroniques par l&#8217;interm\u00e9diaire de notre site avec des offres sp\u00e9ciales, de nouveaux produits et d&#8217;autres informations promotionnelles que nous pensons \u00eatre pertinentes pour vous ou qui peuvent vous \u00eatre utiles, ces courriers \u00e9lectroniques seront envoy\u00e9s \u00e0 l&#8217;adresse que vous fournissez et peuvent \u00eatre annul\u00e9s \u00e0 tout moment.<\/p>\r\n<p>Agua Azul Tenerife S.L. s&#8217;engage \u00e0 assurer la s\u00e9curit\u00e9 de vos informations. Nous utilisons les syst\u00e8mes les plus avanc\u00e9s et les mettons constamment \u00e0 jour pour garantir qu&#8217;il n&#8217;y a pas d&#8217;acc\u00e8s non autoris\u00e9.<\/p>\r\n<p><strong>Les cookies<\/strong><\/p>\r\n<p>Un cookie est un fichier envoy\u00e9 dans le but de demander l&#8217;autorisation d&#8217;\u00eatre stock\u00e9 sur votre ordinateur. Lorsque vous acceptez, ce fichier est cr\u00e9\u00e9 et le cookie est ensuite utilis\u00e9 pour obtenir des informations sur le trafic web et faciliter les visites futures sur un site web r\u00e9current. Une autre fonction des cookies est qu&#8217;ils permettent au site web de vous reconna\u00eetre individuellement et donc de vous fournir le meilleur service personnalis\u00e9 sur leur site web.<\/p>\r\n<p>Notre site web utilise des cookies pour identifier les pages visit\u00e9es et leur fr\u00e9quence. Ces informations ne sont utilis\u00e9es qu&#8217;\u00e0 des fins d&#8217;analyse statistique et sont ensuite d\u00e9finitivement effac\u00e9es. Vous pouvez supprimer les cookies \u00e0 tout moment de votre ordinateur. Cependant, les cookies aident \u00e0 fournir un meilleur service de la part des sites web, ils ne donnent pas acc\u00e8s \u00e0 des informations sur votre ordinateur ou sur vous, \u00e0 moins que vous ne choisissiez de les fournir directement \u00e0 un site web. Vous pouvez accepter ou refuser l&#8217;utilisation de cookies, mais la plupart des navigateurs acceptent automatiquement les cookies, car ils permettent d&#8217;offrir un meilleur service web. Vous pouvez \u00e9galement modifier les param\u00e8tres de votre ordinateur pour refuser les cookies. Si vous refusez les cookies, il se peut que vous ne puissiez pas utiliser certains de nos services.<\/p>\r\n<p><strong>Liens vers des tiers<\/strong><\/p>\r\n<p>Ce site web peut contenir des liens vers d&#8217;autres sites web susceptibles de vous int\u00e9resser. Une fois que vous avez cliqu\u00e9 sur ces liens et quitt\u00e9 notre site, nous n&#8217;avons plus aucun contr\u00f4le sur le site vers lequel vous avez \u00e9t\u00e9 redirig\u00e9 et nous ne sommes donc pas responsables des conditions ou des pratiques en mati\u00e8re de protection de la vie priv\u00e9e ou des donn\u00e9es de ces autres sites tiers. Ces sites sont soumis \u00e0 leurs propres politiques de confidentialit\u00e9 et nous vous recommandons de v\u00e9rifier aupr\u00e8s d&#8217;eux que vous \u00eates satisfaits.<\/p>\r\n<p><strong>Contr\u00f4le de vos informations personnelles<\/strong><\/p>\r\n<p>Vous pouvez \u00e0 tout moment restreindre la collecte ou l&#8217;utilisation des informations personnelles que vous fournissez sur notre site web. Chaque fois qu&#8217;il vous est demand\u00e9 de remplir un formulaire, tel qu&#8217;un formulaire d&#8217;enregistrement d&#8217;utilisateur, vous pouvez cocher ou d\u00e9cocher l&#8217;option permettant de recevoir des informations par courrier \u00e9lectronique. Si vous avez coch\u00e9 l&#8217;option de recevoir notre bulletin d&#8217;information ou de la publicit\u00e9, vous pouvez l&#8217;annuler \u00e0 tout moment.<\/p>\r\n<p>Cette soci\u00e9t\u00e9 ne vendra pas, ne transf\u00e9rera pas et ne distribuera pas les informations personnelles collect\u00e9es sans votre consentement, \u00e0 moins qu&#8217;un juge ne l&#8217;exige en vertu d&#8217;une ordonnance judiciaire.<\/p>\r\n<p>Agua Azul Tenerife S.L. se r\u00e9serve le droit de modifier les termes de cette politique de confidentialit\u00e9 \u00e0 tout moment.<\/p>\r\n<p>&nbsp;<\/p>\r\n<p>[\/vc_column_text][\/vc_column][\/vc_row]<\/p><\/div>","protected":false},"excerpt":{"rendered":"<p>[vc_row][vc_column][vc_column_text] POLITIQUE DE CONFIDENTIALIT\u00c9 La pr\u00e9sente politique de confidentialit\u00e9 d\u00e9finit les conditions dans lesquelles Agua Azul Tenerife S.L. utilise et&#8230;<\/p>\n","protected":false},"author":1,"featured_media":0,"parent":0,"menu_order":0,"comment_status":"closed","ping_status":"open","template":"","meta":{"footnotes":""},"class_list":["post-7858","page","type-page","status-publish"],"_links":{"self":[{"href":"https:\/\/flipperuno.com\/fr\/wp-json\/wp\/v2\/pages\/7858","targetHints":{"allow":["GET"]}}],"collection":[{"href":"https:\/\/flipperuno.com\/fr\/wp-json\/wp\/v2\/pages"}],"about":[{"href":"https:\/\/flipperuno.com\/fr\/wp-json\/wp\/v2\/types\/page"}],"author":[{"embeddable":true,"href":"https:\/\/flipperuno.com\/fr\/wp-json\/wp\/v2\/users\/1"}],"replies":[{"embeddable":true,"href":"https:\/\/flipperuno.com\/fr\/wp-json\/wp\/v2\/comments?post=7858"}],"version-history":[{"count":3,"href":"https:\/\/flipperuno.com\/fr\/wp-json\/wp\/v2\/pages\/7858\/revisions"}],"predecessor-version":[{"id":7861,"href":"https:\/\/flipperuno.com\/fr\/wp-json\/wp\/v2\/pages\/7858\/revisions\/7861"}],"wp:attachment":[{"href":"https:\/\/flipperuno.com\/fr\/wp-json\/wp\/v2\/media?parent=7858"}],"curies":[{"name":"wp","href":"https:\/\/api.w.org\/{rel}","templated":true}]}}