{"id":7850,"date":"2018-10-22T12:31:10","date_gmt":"2018-10-22T12:31:10","guid":{"rendered":"https:\/\/flipperuno.com\/nuestra-fauna-marina\/parque-rural-de-teno\/"},"modified":"2023-07-10T11:32:26","modified_gmt":"2023-07-10T11:32:26","slug":"parque-rural-de-teno","status":"publish","type":"page","link":"https:\/\/flipperuno.com\/fr\/nuestra-fauna-marina\/parque-rural-de-teno\/","title":{"rendered":"Parque rural de Teno"},"content":{"rendered":"<div class=\"wpb-content-wrapper\"><p>[vc_row full_width=&#8221;stretch_row_content_no_spaces&#8221; equal_height=&#8221;yes&#8221; content_placement=&#8221;middle&#8221; css=&#8221;.vc_custom_1684406218519{margin-bottom: 0px !important;padding-bottom: 0px !important;}&#8221;][vc_column css_animation=&#8221;bottom-to-top&#8221; offset=&#8221;vc_col-lg-6 vc_col-md-12 vc_col-xs-12&#8243;][vc_single_image image=&#8221;7256&#8243; img_size=&#8221;full&#8221; alignment=&#8221;center&#8221; css=&#8221;.vc_custom_1684405622083{margin-top: 0px !important;margin-bottom: 0px !important;padding-top: 0px !important;padding-bottom: 0px !important;}&#8221;][\/vc_column][vc_column css_animation=&#8221;bottom-to-top&#8221; css=&#8221;.vc_custom_1684406021977{padding-top: 0px !important;padding-bottom: 80px !important;}&#8221; offset=&#8221;vc_col-lg-6 vc_col-md-12 vc_col-xs-12&#8243;][vc_column_text css=&#8221;.vc_custom_1688988732524{padding-right: 50px !important;padding-left: 50px !important;}&#8221;]<\/p>\n<h3 class=\"fusion-responsive-typography-calculated\" data-fontsize=\"24\" data-lineheight=\"48px\">LE PARC RURAL DE TENO<\/h3>\n<p>est situ\u00e9 \u00e0 l&#8217;extr\u00eame nord-ouest de l&#8217;\u00eele de T\u00e9n\u00e9riffe et comprend une partie des municipalit\u00e9s de Buenavista del Norte, Los Silos, El Tanque et Santiago del Teide. Avec ses 8 063,3 hectares, il s&#8217;agit de l&#8217;un des plus beaux espaces naturels de T\u00e9n\u00e9riffe, qui a conserv\u00e9 ses grandes valeurs \u00e9cologiques, paysag\u00e8res et culturelles, en grande partie gr\u00e2ce \u00e0 son isolement. Lorsque vous verrez l&#8217;orographie extr\u00eamement compliqu\u00e9e de cette zone, vous aurez du mal \u00e0 imaginer comment les gens vivaient ici autrefois.<\/p>\n<p>Vous serez surpris par la vari\u00e9t\u00e9 du paysage, qui va des falaises impressionnantes aux vall\u00e9es, en passant par les \u00eeles basses, les for\u00eats de lauriers et les magnifiques exemples d&#8217;architecture traditionnelle.[\/vc_column_text][\/vc_column][\/vc_row][vc_row full_width=&#8221;stretch_row&#8221; css=&#8221;.vc_custom_1684405472230{margin-top: 0px !important;margin-bottom: 0px !important;padding-top: 100px !important;padding-bottom: 120px !important;background-position: center !important;background-repeat: no-repeat !important;background-size: cover !important;}&#8221;][vc_column]<style>.gem-gallery-grid#style-69d673c8569c0 .gallery-item { padding: calc(40px\/2) !important; }.gem-gallery-grid#style-69d673c8569c0 .gallery-set { margin-top: calc(-40px\/2); margin-bottom: calc(-40px\/2); }.gem-gallery-grid#style-69d673c8569c0 .not-fullwidth-block .gallery-set, .gem-gallery-grid#style-69d673c8569c0 .not-fullwidth-block .portfolio-item-size-container { margin-left: calc(-40px\/2); margin-right: calc(-40px\/2); }.gem-gallery-grid#style-69d673c8569c0 .fullwidth-block { padding-left: calc(40px\/2); padding-right: calc(40px\/2); }@media (max-width: 991px) { .gem-gallery-grid#style-69d673c8569c0 .gallery-item { padding: calc(42px\/2) !important; }.gem-gallery-grid#style-69d673c8569c0 .gallery-set { margin-top: calc(-42px\/2); margin-bottom: calc(-42px\/2); }.gem-gallery-grid#style-69d673c8569c0 .not-fullwidth-block .gallery-set, .gem-gallery-grid#style-69d673c8569c0 .not-fullwidth-block .portfolio-item-size-container { margin-left: calc(-42px\/2); margin-right: calc(-42px\/2); }.gem-gallery-grid#style-69d673c8569c0 .fullwidth-block { padding-left: calc(42px\/2); padding-right: calc(42px\/2); }}@media (max-width: 767px) { .gem-gallery-grid#style-69d673c8569c0 .gallery-item { padding: calc(42px\/2) !important; }.gem-gallery-grid#style-69d673c8569c0 .gallery-set { margin-top: calc(-42px\/2); margin-bottom: calc(-42px\/2); }.gem-gallery-grid#style-69d673c8569c0 .not-fullwidth-block .gallery-set, .gem-gallery-grid#style-69d673c8569c0 .not-fullwidth-block .portfolio-item-size-container { margin-left: calc(-42px\/2); margin-right: calc(-42px\/2); }.gem-gallery-grid#style-69d673c8569c0 .fullwidth-block { padding-left: calc(42px\/2); padding-right: calc(42px\/2); }}.gem-gallery-grid#style-69d673c8569c0 .portfolio-filters { text-align: center }<\/style> <div class=\"gallery-preloader-wrapper\"> <div class=\"row\"> <div id=\"style-69d673c8569c0\" class=\"gem-gallery-grid col-lg-12 col-md-12 col-sm-12 gallery-style-justified hover-default loading-animation item-animation-bounce columns-3 columns-tablet-2 columns-mobile-1 gaps-margin disable-isotope \" data-hover=\"default\" data-uid=\"69d673c8569c0\" data-filter=\"[]\"> <div class=\"portfolio not-fullwidth-block \"> <ul class=\"gallery-set clearfix\" data-max-row-height=\"380\"> <li class=\"gallery-item gallery-0 col-xs-12 col-sm-6 col-md-4 item-animations-not-inited single-icon post-7850 page type-page status-publish\" style=\"\"> <div class=\"wrap gem-wrapbox-style-default\"> <div class=\"overlay-wrap\"> <div class=\"image-wrap \"> <picture> <source srcset=\"https:\/\/flipperuno.com\/wp-content\/uploads\/2023\/05\/DSCF2492-thegem-product-justified-square-m.jpg 1x\" sizes=\"100vw\"> <img src=\"https:\/\/flipperuno.com\/wp-content\/uploads\/2023\/05\/DSCF2492-thegem-product-justified-square-m.jpg\" width=\"400\" height=\"400\" class=\"attachment-thegem-product-justified-square-m\" alt=\"DSCF2492\" \/> <\/picture> <\/div> <div class=\"overlay \"> <div class=\"overlay-circle\"><\/div> <a href=\"https:\/\/flipperuno.com\/wp-content\/uploads\/2023\/05\/DSCF2492.jpg\" class=\"gallery-item-link fancy-gallery\" data-fancybox=\"gallery-69d673c8569c0\" aria-label=\"Fullsize Image: DSCF2492\"> <span class=\"slide-info\"> <\/span> <\/a> <div class=\"overlay-content\"> <div class=\"overlay-content-center\"> <div class=\"overlay-content-inner\"> <a href=\"https:\/\/flipperuno.com\/wp-content\/uploads\/2023\/05\/DSCF2492.jpg\" class=\"icon photo \" aria-label=\"Fullsize Image: DSCF2492\"> <\/a> <div class=\"overlay-line\"><\/div> <\/div> <\/div> <\/div> <\/div> <\/div> <\/div> <\/li> <li class=\"gallery-item gallery-0 col-xs-12 col-sm-6 col-md-4 item-animations-not-inited single-icon post-7850 page type-page status-publish\" style=\"\"> <div class=\"wrap gem-wrapbox-style-default\"> <div class=\"overlay-wrap\"> <div class=\"image-wrap \"> <picture> <source srcset=\"https:\/\/flipperuno.com\/wp-content\/uploads\/2023\/05\/44606614_2343247742356317_9044124054952345600_n-thegem-product-justified-square-m.jpg 1x\" sizes=\"100vw\"> <img src=\"https:\/\/flipperuno.com\/wp-content\/uploads\/2023\/05\/44606614_2343247742356317_9044124054952345600_n-thegem-product-justified-square-m.jpg\" width=\"400\" height=\"400\" class=\"attachment-thegem-product-justified-square-m\" alt=\"44606614_2343247742356317_9044124054952345600_n\" \/> <\/picture> <\/div> <div class=\"overlay \"> <div class=\"overlay-circle\"><\/div> <a href=\"https:\/\/flipperuno.com\/wp-content\/uploads\/2023\/05\/44606614_2343247742356317_9044124054952345600_n.jpg\" class=\"gallery-item-link fancy-gallery\" data-fancybox=\"gallery-69d673c8569c0\" aria-label=\"Fullsize Image: 44606614_2343247742356317_9044124054952345600_n\"> <span class=\"slide-info\"> <\/span> <\/a> <div class=\"overlay-content\"> <div class=\"overlay-content-center\"> <div class=\"overlay-content-inner\"> <a href=\"https:\/\/flipperuno.com\/wp-content\/uploads\/2023\/05\/44606614_2343247742356317_9044124054952345600_n.jpg\" class=\"icon photo \" aria-label=\"Fullsize Image: 44606614_2343247742356317_9044124054952345600_n\"> <\/a> <div class=\"overlay-line\"><\/div> <\/div> <\/div> <\/div> <\/div> <\/div> <\/div> <\/li> <li class=\"gallery-item gallery-0 col-xs-12 col-sm-6 col-md-4 item-animations-not-inited single-icon post-7850 page type-page status-publish\" style=\"\"> <div class=\"wrap gem-wrapbox-style-default\"> <div class=\"overlay-wrap\"> <div class=\"image-wrap \"> <picture> <source srcset=\"https:\/\/flipperuno.com\/wp-content\/uploads\/2023\/05\/dia-final-8-thegem-product-justified-square-m.jpg 1x\" sizes=\"100vw\"> <img src=\"https:\/\/flipperuno.com\/wp-content\/uploads\/2023\/05\/dia-final-8-thegem-product-justified-square-m.jpg\" width=\"400\" height=\"400\" class=\"attachment-thegem-product-justified-square-m\" alt=\"dia-final-8\" \/> <\/picture> <\/div> <div class=\"overlay \"> <div class=\"overlay-circle\"><\/div> <a href=\"https:\/\/flipperuno.com\/wp-content\/uploads\/2023\/05\/dia-final-8.jpg\" class=\"gallery-item-link fancy-gallery\" data-fancybox=\"gallery-69d673c8569c0\" aria-label=\"Fullsize Image: dia-final-8\"> <span class=\"slide-info\"> <\/span> <\/a> <div class=\"overlay-content\"> <div class=\"overlay-content-center\"> <div class=\"overlay-content-inner\"> <a href=\"https:\/\/flipperuno.com\/wp-content\/uploads\/2023\/05\/dia-final-8.jpg\" class=\"icon photo \" aria-label=\"Fullsize Image: dia-final-8\"> <\/a> <div class=\"overlay-line\"><\/div> <\/div> <\/div> <\/div> <\/div> <\/div> <\/div> <\/li> <li class=\"gallery-item gallery-0 col-xs-12 col-sm-6 col-md-4 item-animations-not-inited single-icon post-7850 page type-page status-publish\" style=\"\"> <div class=\"wrap gem-wrapbox-style-default\"> <div class=\"overlay-wrap\"> <div class=\"image-wrap \"> <picture> <source srcset=\"https:\/\/flipperuno.com\/wp-content\/uploads\/2023\/05\/masca-luky-011-thegem-product-justified-square-m.jpg 1x\" sizes=\"100vw\"> <img src=\"https:\/\/flipperuno.com\/wp-content\/uploads\/2023\/05\/masca-luky-011-thegem-product-justified-square-m.jpg\" width=\"400\" height=\"400\" class=\"attachment-thegem-product-justified-square-m\" alt=\"masca-luky-011\" \/> <\/picture> <\/div> <div class=\"overlay \"> <div class=\"overlay-circle\"><\/div> <a href=\"https:\/\/flipperuno.com\/wp-content\/uploads\/2023\/05\/masca-luky-011.jpg\" class=\"gallery-item-link fancy-gallery\" data-fancybox=\"gallery-69d673c8569c0\" aria-label=\"Fullsize Image: masca-luky-011\"> <span class=\"slide-info\"> <\/span> <\/a> <div class=\"overlay-content\"> <div class=\"overlay-content-center\"> <div class=\"overlay-content-inner\"> <a href=\"https:\/\/flipperuno.com\/wp-content\/uploads\/2023\/05\/masca-luky-011.jpg\" class=\"icon photo \" aria-label=\"Fullsize Image: masca-luky-011\"> <\/a> <div class=\"overlay-line\"><\/div> <\/div> <\/div> <\/div> <\/div> <\/div> <\/div> <\/li> <li class=\"gallery-item gallery-0 col-xs-12 col-sm-6 col-md-4 item-animations-not-inited single-icon post-7850 page type-page status-publish\" style=\"\"> <div class=\"wrap gem-wrapbox-style-default\"> <div class=\"overlay-wrap\"> <div class=\"image-wrap \"> <picture> <source srcset=\"https:\/\/flipperuno.com\/wp-content\/uploads\/2023\/05\/DSC02614-thegem-product-justified-square-m.jpg 1x\" sizes=\"100vw\"> <img src=\"https:\/\/flipperuno.com\/wp-content\/uploads\/2023\/05\/DSC02614-thegem-product-justified-square-m.jpg\" width=\"400\" height=\"400\" class=\"attachment-thegem-product-justified-square-m\" alt=\"DSC02614\" \/> <\/picture> <\/div> <div class=\"overlay \"> <div class=\"overlay-circle\"><\/div> <a href=\"https:\/\/flipperuno.com\/wp-content\/uploads\/2023\/05\/DSC02614.jpg\" class=\"gallery-item-link fancy-gallery\" data-fancybox=\"gallery-69d673c8569c0\" aria-label=\"Fullsize Image: DSC02614\"> <span class=\"slide-info\"> <\/span> <\/a> <div class=\"overlay-content\"> <div class=\"overlay-content-center\"> <div class=\"overlay-content-inner\"> <a href=\"https:\/\/flipperuno.com\/wp-content\/uploads\/2023\/05\/DSC02614.jpg\" class=\"icon photo \" aria-label=\"Fullsize Image: DSC02614\"> <\/a> <div class=\"overlay-line\"><\/div> <\/div> <\/div> <\/div> <\/div> <\/div> <\/div> <\/li> <\/ul> <\/div> <\/div> <\/div> <\/div>[\/vc_column][\/vc_row]<\/p>\n<\/div>","protected":false},"excerpt":{"rendered":"<p>[vc_row full_width=&#8221;stretch_row_content_no_spaces&#8221; equal_height=&#8221;yes&#8221; content_placement=&#8221;middle&#8221; css=&#8221;.vc_custom_1684406218519{margin-bottom: 0px !important;padding-bottom: 0px !important;}&#8221;][vc_column css_animation=&#8221;bottom-to-top&#8221; offset=&#8221;vc_col-lg-6 vc_col-md-12 vc_col-xs-12&#8243;][vc_single_image image=&#8221;7256&#8243; img_size=&#8221;full&#8221; alignment=&#8221;center&#8221; css=&#8221;.vc_custom_1684405622083{margin-top: 0px !important;margin-bottom: 0px&#8230;<\/p>\n","protected":false},"author":1,"featured_media":0,"parent":7844,"menu_order":0,"comment_status":"closed","ping_status":"open","template":"","meta":{"footnotes":""},"class_list":["post-7850","page","type-page","status-publish"],"_links":{"self":[{"href":"https:\/\/flipperuno.com\/fr\/wp-json\/wp\/v2\/pages\/7850","targetHints":{"allow":["GET"]}}],"collection":[{"href":"https:\/\/flipperuno.com\/fr\/wp-json\/wp\/v2\/pages"}],"about":[{"href":"https:\/\/flipperuno.com\/fr\/wp-json\/wp\/v2\/types\/page"}],"author":[{"embeddable":true,"href":"https:\/\/flipperuno.com\/fr\/wp-json\/wp\/v2\/users\/1"}],"replies":[{"embeddable":true,"href":"https:\/\/flipperuno.com\/fr\/wp-json\/wp\/v2\/comments?post=7850"}],"version-history":[{"count":2,"href":"https:\/\/flipperuno.com\/fr\/wp-json\/wp\/v2\/pages\/7850\/revisions"}],"predecessor-version":[{"id":7852,"href":"https:\/\/flipperuno.com\/fr\/wp-json\/wp\/v2\/pages\/7850\/revisions\/7852"}],"up":[{"embeddable":true,"href":"https:\/\/flipperuno.com\/fr\/wp-json\/wp\/v2\/pages\/7844"}],"wp:attachment":[{"href":"https:\/\/flipperuno.com\/fr\/wp-json\/wp\/v2\/media?parent=7850"}],"curies":[{"name":"wp","href":"https:\/\/api.w.org\/{rel}","templated":true}]}}