{"id":7816,"date":"2023-05-08T12:40:22","date_gmt":"2023-05-08T12:40:22","guid":{"rendered":"https:\/\/flipperuno.com\/sample-page\/"},"modified":"2023-07-07T10:12:41","modified_gmt":"2023-07-07T10:12:41","slug":"sample-page","status":"publish","type":"page","link":"https:\/\/flipperuno.com\/fr\/sample-page\/","title":{"rendered":"Excursions"},"content":{"rendered":"<div class=\"wpb-content-wrapper\"><p>[vc_row full_width=&#8221;stretch_row&#8221; css=&#8221;.vc_custom_1587117496982{margin-bottom: 0px !important;padding-bottom: 100px !important;}&#8221; custom_css_code=&#8221;LnZjX3R0YS1jb2xvci1ncmV5LnZjX3R0YS1zdHlsZS1vdXRsaW5lJTIwLnZjX3R0YS10YWIlM0VhJTdCJTBBJTIwJTIwJTIwJTIwY29sb3IlM0ElMjAlMjMyYzJlM2QlM0IlMEElN0Q=&#8221;][vc_column][vc_column_text]<\/p>\n<div class=\"title-h6\" style=\"text-align: center;\">Ce que nous proposons<\/div>\n<p>[\/vc_column_text]<div class=\"clearboth\"><\/div><style>#thegem-divider-69da6a7ad2371 {margin-top: 20px !important;}<\/style><div id=\"thegem-divider-69da6a7ad2371\" class=\"gem-divider  \" style=\"\" ><\/div>[vc_column_text]<\/p>\n<div class=\"title-h2\" style=\"text-align: center;\">Nos excursions<\/div>\n<p>[\/vc_column_text]<div class=\"clearboth\"><\/div><style>#thegem-divider-69da6a7ad2399 {margin-top: 40px !important;}<\/style><div id=\"thegem-divider-69da6a7ad2399\" class=\"gem-divider  \" style=\"\" ><\/div>[vc_column_text]<\/p>\n<div class=\"styled-subtitle\" style=\"text-align: center;\"><span style=\"color: #5f727f;\">Quatre alternatives pour r\u00e9pondre \u00e0 vos besoins<\/span><\/div>\n<p>[\/vc_column_text]<div class=\"clearboth\"><\/div><style>#thegem-divider-69da6a7ad23b0 {margin-top: 80px !important;}<\/style><div id=\"thegem-divider-69da6a7ad23b0\" class=\"gem-divider  \" style=\"\" ><\/div>[vc_tta_tabs style=&#8221;outline&#8221; shape=&#8221;square&#8221; color=&#8221;grey&#8221; spacing=&#8221;5&#8243; active_section=&#8221;1&#8243;][vc_tta_section title=&#8221;Flipper One &#8211; 2 et 3 heures&#8221; tab_id=&#8221;1684146925744-6f4ef882-0184&#8243;][vc_row_inner equal_height=&#8221;yes&#8221;][vc_column_inner width=&#8221;1\/2&#8243;][vc_column_text]Au d\u00e9part de l&#8217;embarcad\u00e8re de Los Gigantes, nous servons une petite collation, une boisson et partons \u00e0 la recherche des dauphins et\/ou des baleines &#8211; l&#8217;un des deux garantis (en fonction des conditions de mer) !<\/p>\n<p>Apr\u00e8s avoir photographi\u00e9 les c\u00e9tac\u00e9s, nous naviguons pr\u00e8s des falaises de Masca et de Los Gigantes. Ces falaises sont parmi les plus hautes du monde, avec des pointes \u00e0 pr\u00e8s de 600 m\u00e8tres. Dans l&#8217;une des baies aux eaux cristallines, nous jetons l&#8217;ancre et vous pouvez profiter d&#8217;une baignade rafra\u00eechissante. L&#8217;entr\u00e9e dans l&#8217;eau est facile, soit par l&#8217;\u00e9chelle, soit de mani\u00e8re plus spectaculaire : par la tyrolienne.<\/p>\n<p>Apr\u00e8s la baignade, nous vous servirons le d\u00e9jeuner : une paella avec du poulet et des l\u00e9gumes. Du pain et un fruit. Pendant toute l&#8217;excursion, toutes les boissons sont incluses : vin rouge, bi\u00e8re, fanta, cola, eau. \u00c0 bord, un guide vous expliquera tout dans votre langue. Apr\u00e8s 3 heures de navigation, nous retournons au quai de Los Gigantes. N&#8217;oubliez pas : appareil photo, maillot de bain et votre bonne humeur.<\/p>\n<p>Lors de chaque excursion, vous \u00eates accompagn\u00e9 par un &#8220;guide officiel d&#8217;observation des baleines&#8221;. (Il donne des informations sur les dauphins, les baleines, les falaises, etc.) Dans votre langue ![\/vc_column_text][vc_column_text]<\/p>\n<h4 class=\"fusion-responsive-typography-calculated\" data-fontsize=\"28\" data-lineheight=\"38.08px\">Heures de d\u00e9part<\/h4>\n<h6 class=\"fusion-responsive-typography-calculated\" data-fontsize=\"24\" data-lineheight=\"48px\">En saison &#8220;estivale&#8221; (juin &#8211; ao\u00fbt)<\/h6>\n<p class=\"fusion-responsive-typography-calculated\" data-fontsize=\"24\" data-lineheight=\"48px\">11h30 &#8211; 14h30 &#8211; 17h30 (11h30 et 14h30, trajets de 3 et 2 heures) (17h30. 3 heures. Tous les jours de la semaine &#8211; \u00e0 confirmer)<\/p>\n<h6 class=\"fusion-responsive-typography-calculated\" data-fontsize=\"24\" data-lineheight=\"48px\">Voyages de la saison &#8220;hiver&#8221; (septembre &#8211; mai)<\/h6>\n<p class=\"fusion-responsive-typography-calculated\" data-fontsize=\"24\" data-lineheight=\"48px\">11:30 &#8211; 14:30 (voyages de 3 et 2 heures)<\/p>\n<h5 class=\"fusion-responsive-typography-calculated\" data-fontsize=\"24\" data-lineheight=\"48px\">Occasions sp\u00e9ciales<\/h5>\n<p>Pour votre f\u00eate, anniversaire, enterrement de vie de gar\u00e7on ou toute autre occasion, vous pouvez louer le bateau pour une sortie priv\u00e9e. Clubs sportifs, \u00e9coles, comit\u00e9s des f\u00eates, etc. Maximum 91 passagers.[\/vc_column_text][\/vc_column_inner][vc_column_inner width=&#8221;1\/2&#8243;][vc_column_text]<iframe title=\"YouTube video player\" src=\"https:\/\/www.youtube.com\/embed\/QIw8vZQVloI\" width=\"560\" height=\"315\" frameborder=\"0\" allowfullscreen=\"allowfullscreen\"><\/iframe>[\/vc_column_text][\/vc_column_inner][\/vc_row_inner][\/vc_tta_section][vc_tta_section title=&#8221;Masca express &#8211; 2 heures&#8221; tab_id=&#8221;1684147055523-8bc7e71d-4339&#8243;][vc_row_inner equal_height=&#8221;yes&#8221;][vc_column_inner width=&#8221;1\/2&#8243;][vc_column_text]Nous avons deux bateaux qui op\u00e8rent sous le nom de Masca Express depuis la marina de Los Gigantes, et nous proposons diverses excursions tous les jours, tout au long de l&#8217;ann\u00e9e. Nous cherchons les dauphins et les baleines, et nous passons devant les c\u00e9l\u00e8bres falaises dont les sommets atteignent presque 600 m\u00e8tres.<\/p>\n<p>Avant de planifier votre excursion \u00e0 Masca, veuillez consulter nos horaires et contacter notre \u00e9quipe de vente pour confirmer les horaires. L&#8217;entreprise se r\u00e9serve le droit de modifier les horaires sans pr\u00e9avis en cas d&#8217;intemp\u00e9ries.[\/vc_column_text][vc_column_text]<\/p>\n<h4 class=\"fusion-responsive-typography-calculated\" data-fontsize=\"28\" data-lineheight=\"38.08px\">Heures de d\u00e9part<\/h4>\n<h6 class=\"fusion-responsive-typography-calculated\" data-fontsize=\"24\" data-lineheight=\"48px\">En \u00e9t\u00e9<\/h6>\n<p class=\"fusion-responsive-typography-calculated\" data-fontsize=\"24\" data-lineheight=\"48px\">10.30, 11.30, 12.30, 13.30, 14.30, 15.30, 16.30 et jusqu&#8217;\u00e0 17.30<\/p>\n<p>[\/vc_column_text][\/vc_column_inner][vc_column_inner width=&#8221;1\/2&#8243;][vc_column_text]<iframe title=\"YouTube video player\" src=\"https:\/\/www.youtube.com\/embed\/Rc7LNdEy-PY\" width=\"560\" height=\"315\" frameborder=\"0\" allowfullscreen=\"allowfullscreen\"><\/iframe>[\/vc_column_text][\/vc_column_inner][\/vc_row_inner][\/vc_tta_section][vc_tta_section title=&#8221;Los r\u00e1pidos &#8211; 1.5 heures&#8221; tab_id=&#8221;1684147305959-a1c85de9-45cd&#8221;][vc_row_inner equal_height=&#8221;yes&#8221;][vc_column_inner width=&#8221;1\/2&#8243;][vc_column_text]El Rapido et El Rapido Two proposent plusieurs excursions d&#8217;une heure et demie chaque jour.<\/p>\n<p>En raison de leur petite taille et de leur vitesse, ces bateaux sont parfaits pour les petits groupes ou pour partir \u00e0 la d\u00e9couverte de la c\u00e9l\u00e8bre randonn\u00e9e de Masca.<\/p>\n<p>Veuillez noter qu&#8217;en raison du nombre limit\u00e9 de places (12), nous vous conseillons de r\u00e9server votre place \u00e0 l&#8217;avance.<\/p>\n<p>(L&#8217;entreprise se r\u00e9serve le droit de modifier les horaires sans pr\u00e9avis en cas de mauvais temps et dans l&#8217;int\u00e9r\u00eat d&#8217;une bonne promenade en bateau).[\/vc_column_text][\/vc_column_inner][vc_column_inner width=&#8221;1\/2&#8243;][vc_column_text]<iframe title=\"YouTube video player\" src=\"https:\/\/www.youtube.com\/embed\/terI9x6aZSs\" width=\"560\" height=\"315\" frameborder=\"0\" allowfullscreen=\"allowfullscreen\"><\/iframe>[\/vc_column_text][\/vc_column_inner][\/vc_row_inner][\/vc_tta_section][vc_tta_section title=&#8221;Masca express &#8211; prise en charge \u00e0 Masca&#8221; tab_id=&#8221;1684147359014-b7e9dd60-4cc6&#8243;][vc_row_inner equal_height=&#8221;yes&#8221;][vc_column_inner width=&#8221;1\/2&#8243;][vc_column_text]Masca Express assure les transferts de Masca \u00e0 Los Gigantes tout au long de l&#8217;ann\u00e9e. Masca Express propose des horaires flexibles \u00e0 l&#8217;aller comme au retour.<\/p>\n<p>La visite de Masca est une excursion presque obligatoire pour tous les vacanciers de T\u00e9n\u00e9riffe. De multiples d\u00e9parts, depuis le port de Los Gigantes, facilitent ce parcours sur une promenade confortable qui offre une vue spectaculaire sur les falaises en arrivant au ravin, gr\u00e2ce aux embarcations de la compagnie Masca Express. Vous pouvez consulter les horaires et les prix de notre service et nous contacter si vous avez besoin de plus d&#8217;informations sur votre visite \u00e0 Masca depuis Los Gigantes et vice versa.<\/p>\n<p>Avant de planifier votre excursion \u00e0 Masca, nous vous conseillons de consulter nos horaires et de contacter notre \u00e9quipe commerciale pour vous assurer que vos plans sont corrects. L&#8217;entreprise se r\u00e9serve le droit de modifier les horaires sans pr\u00e9avis en cas d&#8217;intemp\u00e9ries et pour le bien des passagers.[\/vc_column_text][vc_column_text]<\/p>\n<h4 class=\"fusion-responsive-typography-calculated\" data-fontsize=\"28\" data-lineheight=\"38.08px\">Heures de prise en charge<\/h4>\n<h5 class=\"fusion-responsive-typography-calculated\" data-fontsize=\"24\" data-lineheight=\"48px\">\u00c9t\u00e9 ou hiver<\/h5>\n<p class=\"fusion-responsive-typography-calculated\" data-fontsize=\"24\" data-lineheight=\"48px\">10.30, 11.30, 12.30, 13.30, 15.30 ,17.30<\/p>\n<p>[\/vc_column_text][\/vc_column_inner][vc_column_inner width=&#8221;1\/2&#8243;][vc_column_text]<iframe title=\"YouTube video player\" src=\"https:\/\/www.youtube.com\/embed\/LoD16muKuuY\" width=\"560\" height=\"315\" frameborder=\"0\" allowfullscreen=\"allowfullscreen\"><\/iframe>[\/vc_column_text][\/vc_column_inner][\/vc_row_inner][\/vc_tta_section][\/vc_tta_tabs][\/vc_column][vc_column]<div class=\"clearboth\"><\/div><style>#thegem-divider-69da6a7ad23c2 {margin-top: 20px !important;}<\/style><div id=\"thegem-divider-69da6a7ad23c2\" class=\"gem-divider  \" style=\"\" ><\/div>[\/vc_column][\/vc_row]<\/p>\n<\/div>","protected":false},"excerpt":{"rendered":"<p>[vc_row full_width=&#8221;stretch_row&#8221; css=&#8221;.vc_custom_1587117496982{margin-bottom: 0px !important;padding-bottom: 100px !important;}&#8221; custom_css_code=&#8221;LnZjX3R0YS1jb2xvci1ncmV5LnZjX3R0YS1zdHlsZS1vdXRsaW5lJTIwLnZjX3R0YS10YWIlM0VhJTdCJTBBJTIwJTIwJTIwJTIwY29sb3IlM0ElMjAlMjMyYzJlM2QlM0IlMEElN0Q=&#8221;][vc_column][vc_column_text] Ce que nous proposons [\/vc_column_text][vc_column_text] Nos excursions [\/vc_column_text][vc_column_text] Quatre alternatives pour r\u00e9pondre&#8230;<\/p>\n","protected":false},"author":1,"featured_media":0,"parent":0,"menu_order":0,"comment_status":"closed","ping_status":"open","template":"","meta":{"footnotes":""},"class_list":["post-7816","page","type-page","status-publish"],"_links":{"self":[{"href":"https:\/\/flipperuno.com\/fr\/wp-json\/wp\/v2\/pages\/7816","targetHints":{"allow":["GET"]}}],"collection":[{"href":"https:\/\/flipperuno.com\/fr\/wp-json\/wp\/v2\/pages"}],"about":[{"href":"https:\/\/flipperuno.com\/fr\/wp-json\/wp\/v2\/types\/page"}],"author":[{"embeddable":true,"href":"https:\/\/flipperuno.com\/fr\/wp-json\/wp\/v2\/users\/1"}],"replies":[{"embeddable":true,"href":"https:\/\/flipperuno.com\/fr\/wp-json\/wp\/v2\/comments?post=7816"}],"version-history":[{"count":3,"href":"https:\/\/flipperuno.com\/fr\/wp-json\/wp\/v2\/pages\/7816\/revisions"}],"predecessor-version":[{"id":7820,"href":"https:\/\/flipperuno.com\/fr\/wp-json\/wp\/v2\/pages\/7816\/revisions\/7820"}],"wp:attachment":[{"href":"https:\/\/flipperuno.com\/fr\/wp-json\/wp\/v2\/media?parent=7816"}],"curies":[{"name":"wp","href":"https:\/\/api.w.org\/{rel}","templated":true}]}}