{"id":7802,"date":"2023-05-09T10:24:44","date_gmt":"2023-05-09T10:24:44","guid":{"rendered":"https:\/\/flipperuno.com\/condiciones-de-compra-y-anulacion\/"},"modified":"2023-07-07T09:40:54","modified_gmt":"2023-07-07T09:40:54","slug":"condiciones-de-compra-y-anulacion","status":"publish","type":"page","link":"https:\/\/flipperuno.com\/fr\/condiciones-de-compra-y-anulacion\/","title":{"rendered":"Conditions d&#8217;achat et d&#8217;annulation"},"content":{"rendered":"<div class=\"wpb-content-wrapper\"><p>[vc_row][vc_column][vc_column_text]<\/p>\n<h3><strong>Conditions d&#8217;achat et d&#8217;annulation<\/strong><\/h3>\n<p>Une fois que vous avez re\u00e7u votre confirmation de r\u00e9servation, vous devez la pr\u00e9senter au moins une demi-heure avant le d\u00e9part le jour de l&#8217;excursion \u00e0 notre bureau Flipper Uno, qui se trouve \u00e0 l&#8217;entr\u00e9e de l&#8217;embarcad\u00e8re de Los Gigantes.<\/p>\n<p>Vous devez fournir le bon original et authentique au prestataire de services concern\u00e9 pour pouvoir participer \u00e0 votre excursion. Votre r\u00e9servation ne peut \u00eatre accept\u00e9e ou admise sans la pr\u00e9sentation d&#8217;un bon valide. La pr\u00e9sentation du bon en format num\u00e9rique (par exemple sur votre t\u00e9l\u00e9phone ou votre tablette) sera \u00e9galement accept\u00e9e.<\/p>\n<p><strong>Important<\/strong> . L&#8217;\u00e2ge des enfants de 2 \u00e0 12 ans sera v\u00e9rifi\u00e9 lors de l&#8217;excursion en bateau.<\/p>\n<h3 class=\"p1\">Puis-je annuler une r\u00e9servation ?<\/h3>\n<p class=\"p1\">Oui, la r\u00e9servation peut \u00eatre annul\u00e9e si elle est faite au moins 24 heures \u00e0 l&#8217;avance et nous vous rembourserons 100 % du montant pay\u00e9. Si l&#8217;annulation intervient moins de 24 heures \u00e0 l&#8217;avance, elle entra\u00eenera la perte de 100 % du montant pay\u00e9.<\/p>\n<h3 class=\"p1\">Que se passe-t-il si l&#8217;activit\u00e9 est annul\u00e9e ou retard\u00e9e ?<\/h3>\n<p>En cas de retard de l&#8217;activit\u00e9, il n&#8217;y aura pas de modification, car nous respectons l&#8217;horaire pr\u00e9vu.<\/p>\n<p>En revanche, si l&#8217;activit\u00e9 est annul\u00e9e en raison des conditions m\u00e9t\u00e9orologiques, la date et l&#8217;heure seront modifi\u00e9es. Si vous ne pouvez pas participer \u00e0 l&#8217;activit\u00e9, le montant pay\u00e9 vous sera rembours\u00e9.<\/p>\n<h3 class=\"p1\">Puis-je modifier la date de ma r\u00e9servation ?<\/h3>\n<p class=\"p1\">Oui, vous pouvez modifier votre r\u00e9servation au moins 24 heures \u00e0 l&#8217;avance, pour autant qu&#8217;il y ait encore des places disponibles \u00e0 la nouvelle date choisie.<\/p>\n<p>[\/vc_column_text][\/vc_column][\/vc_row]<\/p>\n<\/div>","protected":false},"excerpt":{"rendered":"<p>[vc_row][vc_column][vc_column_text] Conditions d&#8217;achat et d&#8217;annulation Une fois que vous avez re\u00e7u votre confirmation de r\u00e9servation, vous devez la pr\u00e9senter au&#8230;<\/p>\n","protected":false},"author":1,"featured_media":0,"parent":0,"menu_order":0,"comment_status":"closed","ping_status":"open","template":"","meta":{"footnotes":""},"class_list":["post-7802","page","type-page","status-publish"],"_links":{"self":[{"href":"https:\/\/flipperuno.com\/fr\/wp-json\/wp\/v2\/pages\/7802","targetHints":{"allow":["GET"]}}],"collection":[{"href":"https:\/\/flipperuno.com\/fr\/wp-json\/wp\/v2\/pages"}],"about":[{"href":"https:\/\/flipperuno.com\/fr\/wp-json\/wp\/v2\/types\/page"}],"author":[{"embeddable":true,"href":"https:\/\/flipperuno.com\/fr\/wp-json\/wp\/v2\/users\/1"}],"replies":[{"embeddable":true,"href":"https:\/\/flipperuno.com\/fr\/wp-json\/wp\/v2\/comments?post=7802"}],"version-history":[{"count":3,"href":"https:\/\/flipperuno.com\/fr\/wp-json\/wp\/v2\/pages\/7802\/revisions"}],"predecessor-version":[{"id":7805,"href":"https:\/\/flipperuno.com\/fr\/wp-json\/wp\/v2\/pages\/7802\/revisions\/7805"}],"wp:attachment":[{"href":"https:\/\/flipperuno.com\/fr\/wp-json\/wp\/v2\/media?parent=7802"}],"curies":[{"name":"wp","href":"https:\/\/api.w.org\/{rel}","templated":true}]}}