{"id":7626,"date":"2023-05-08T12:40:22","date_gmt":"2023-05-08T12:40:22","guid":{"rendered":"https:\/\/flipperuno.com\/politica-de-privacidad\/"},"modified":"2023-07-06T10:56:58","modified_gmt":"2023-07-06T10:56:58","slug":"politica-de-privacidad","status":"publish","type":"page","link":"https:\/\/flipperuno.com\/de\/politica-de-privacidad\/","title":{"rendered":"Datenschutzbestimmungen"},"content":{"rendered":"<div class=\"wpb-content-wrapper\"><p>[vc_row][vc_column][vc_column_text]<\/p>\r\n<p><strong>Datenschutzbestimmungen<\/strong><\/p>\r\n<p>Die vorliegende Datenschutzpolitik legt die Bedingungen fest, unter denen Agua Azul Tenerife S.L. die von den Nutzern bei der Nutzung ihrer Website zur Verf\u00fcgung gestellten Informationen verwendet und sch\u00fctzt. Das Unternehmen verpflichtet sich zum Schutz der Daten seiner Nutzer. Wenn wir Sie bitten, Felder mit pers\u00f6nlichen Daten auszuf\u00fcllen, mit denen Sie identifiziert werden k\u00f6nnen, tun wir dies in der Gewissheit, dass diese Daten nur in \u00dcbereinstimmung mit den Bedingungen dieses Dokuments verwendet werden. Diese Datenschutzrichtlinie kann sich jedoch im Laufe der Zeit \u00e4ndern oder aktualisiert werden, und wir empfehlen Ihnen, diese Seite immer wieder zu lesen, um sicherzustellen, dass Sie mit allen \u00c4nderungen einverstanden sind.<\/p>\r\n<p><strong>Informationen, die gesammelt werden<\/strong><\/p>\r\n<p>Auf unserer Website k\u00f6nnen pers\u00f6nliche Daten wie Name, Kontaktinformationen wie Ihre E-Mail-Adresse und demografische Informationen erfasst werden. Wenn n\u00f6tig, k\u00f6nnen auch spezifische Informationen erforderlich sein, um eine Bestellung zu bearbeiten oder eine Lieferung oder Rechnung zu erstellen.<\/p>\r\n<p><strong>Verwendung der gesammelten Informationen<\/strong><\/p>\r\n<p>Unsere Website verwendet die Informationen, um Ihnen den bestm\u00f6glichen Service zu bieten, insbesondere, um die Nutzer zu verfolgen, um gegebenenfalls Bestellungen zu verfolgen und um unsere Produkte und Dienstleistungen zu verbessern. Es kann sein, dass wir \u00fcber unsere Website regelm\u00e4\u00dfig E-Mails mit Sonderangeboten, neuen Produkten und anderen Marketinginformationen versenden, von denen wir glauben, dass sie f\u00fcr Sie relevant oder von Nutzen sein k\u00f6nnten. Diese E-Mails werden an die von Ihnen angegebene Adresse gesendet und k\u00f6nnen jederzeit abbestellt werden.<\/p>\r\n<p>Agua Azul Tenerife S.L. setzt sich sehr daf\u00fcr ein, die Sicherheit Ihrer Daten zu gew\u00e4hrleisten. Wir verwenden die fortschrittlichsten Systeme und aktualisieren sie st\u00e4ndig, um sicherzustellen, dass kein unbefugter Zugriff m\u00f6glich ist.<\/p>\r\n<p><strong>Cookies<\/strong><\/p>\r\n<p>Ein Cookie ist eine Datei, die mit der Bitte um Erlaubnis gesendet wird, auf Ihrem Computer gespeichert zu werden. Wenn Sie zustimmen, wird diese Datei erstellt, und das Cookie wird dann verwendet, um Informationen \u00fcber den Webverkehr zu erhalten, und erleichtert auch zuk\u00fcnftige Besuche auf einer wiederkehrenden Website. Eine weitere Funktion, die Cookies haben, ist, dass das Web Sie individuell erkennen kann und Ihnen somit den besten personalisierten Service auf ihrer Website bieten kann.<\/p>\r\n<p>Nuestro sitio web emplea las cookies para poder identificar las p\u00e1ginas que son visitadas y su frecuencia. Esta informaci\u00f3n es empleada \u00fanicamente para an\u00e1lisis estad\u00edstico y despu\u00e9s la informaci\u00f3n se elimina de forma permanente. Usted puede eliminar las cookies en cualquier momento desde su ordenador. Cookies helfen jedoch, einen besseren Service von Websites zu bieten, sie geben keinen Zugang zu Informationen \u00fcber Ihren Computer oder \u00fcber Sie, es sei denn, Sie entscheiden sich, diese direkt an \u00a0<a href=\"https:\/\/cupondedescuento.com.co\/linio\/\" target=\"_blank\" rel=\"noopener\">eine Website zu \u00fcbermitteln\u00a0<\/a>. Sie k\u00f6nnen die Verwendung von Cookies akzeptieren oder ablehnen. Die meisten Browser akzeptieren Cookies jedoch automatisch, um einen besseren Web-Service zu bieten. Sie k\u00f6nnen auch die Einstellungen auf Ihrem Computer \u00e4ndern, um Cookies abzulehnen. Wenn Sie Cookies ablehnen, k\u00f6nnen Sie m\u00f6glicherweise einige unserer Dienste nicht nutzen.<\/p>\r\n<p><strong>Links zu Drittparteien<\/strong><\/p>\r\n<p>Diese Website kann Links zu anderen Websites enthalten, die f\u00fcr Sie von Interesse sein k\u00f6nnen. Sobald Sie auf diese Links klicken und unsere Website verlassen, haben wir keine Kontrolle mehr \u00fcber die Website, zu der Sie weitergeleitet werden, und sind daher nicht f\u00fcr die Bedingungen oder die Datenschutzpraktiken dieser anderen Websites verantwortlich. Diese Websites unterliegen ihren eigenen Datenschutzrichtlinien, und Sie sollten diese \u00fcberpr\u00fcfen, um sicherzustellen, dass Sie mit ihnen einverstanden sind.<\/p>\r\n<p><strong>Kontrolle Ihrer pers\u00f6nlichen Daten<\/strong><\/p>\r\n<p>Sie haben jederzeit die M\u00f6glichkeit, die Erfassung oder Verwendung von personenbezogenen Daten, die Sie auf unserer Website angeben, einzuschr\u00e4nken. Immer wenn Sie aufgefordert werden, ein Formular auszuf\u00fcllen, z. B. ein Anmeldeformular, k\u00f6nnen Sie die Option, Informationen per E-Mail zu erhalten, ankreuzen oder abw\u00e4hlen. Falls Sie die Option zum Erhalt unseres Newsletters oder unserer Werbung angekreuzt haben, k\u00f6nnen Sie diese jederzeit wieder abw\u00e4hlen.<\/p>\r\n<p>Dieses Unternehmen wird die gesammelten pers\u00f6nlichen Daten nicht ohne Ihre Zustimmung verkaufen, weitergeben oder verbreiten, es sei denn, es wird von einem Richter per Gerichtsbeschluss dazu gezwungen.<\/p>\r\n<p>Agua Azul Tenerife S.L. beh\u00e4lt sich das Recht vor, die Bedingungen der vorliegenden Datenschutzrichtlinie jederzeit zu \u00e4ndern.<\/p>\r\n<p>\u00a0<\/p>\r\n<p>[\/vc_column_text][\/vc_column][\/vc_row]<\/p><\/div>","protected":false},"excerpt":{"rendered":"<p>[vc_row][vc_column][vc_column_text] Datenschutzbestimmungen Die vorliegende Datenschutzpolitik legt die Bedingungen fest, unter denen Agua Azul Tenerife S.L. die von den Nutzern bei&#8230;<\/p>\n","protected":false},"author":1,"featured_media":0,"parent":0,"menu_order":0,"comment_status":"closed","ping_status":"open","template":"","meta":{"footnotes":""},"class_list":["post-7626","page","type-page","status-publish"],"_links":{"self":[{"href":"https:\/\/flipperuno.com\/de\/wp-json\/wp\/v2\/pages\/7626","targetHints":{"allow":["GET"]}}],"collection":[{"href":"https:\/\/flipperuno.com\/de\/wp-json\/wp\/v2\/pages"}],"about":[{"href":"https:\/\/flipperuno.com\/de\/wp-json\/wp\/v2\/types\/page"}],"author":[{"embeddable":true,"href":"https:\/\/flipperuno.com\/de\/wp-json\/wp\/v2\/users\/1"}],"replies":[{"embeddable":true,"href":"https:\/\/flipperuno.com\/de\/wp-json\/wp\/v2\/comments?post=7626"}],"version-history":[{"count":2,"href":"https:\/\/flipperuno.com\/de\/wp-json\/wp\/v2\/pages\/7626\/revisions"}],"predecessor-version":[{"id":7628,"href":"https:\/\/flipperuno.com\/de\/wp-json\/wp\/v2\/pages\/7626\/revisions\/7628"}],"wp:attachment":[{"href":"https:\/\/flipperuno.com\/de\/wp-json\/wp\/v2\/media?parent=7626"}],"curies":[{"name":"wp","href":"https:\/\/api.w.org\/{rel}","templated":true}]}}