{"id":7568,"date":"2023-05-08T12:40:22","date_gmt":"2023-05-08T12:40:22","guid":{"rendered":"https:\/\/flipperuno.com\/ausfluge\/"},"modified":"2023-07-07T14:13:17","modified_gmt":"2023-07-07T14:13:17","slug":"ausfluge","status":"publish","type":"page","link":"https:\/\/flipperuno.com\/de\/ausfluge\/","title":{"rendered":"Ausfl\u00fcge"},"content":{"rendered":"<div class=\"wpb-content-wrapper\"><p>[vc_row full_width=&#8221;stretch_row&#8221; css=&#8221;.vc_custom_1587117496982{margin-bottom: 0px !important;padding-bottom: 100px !important;}&#8221; custom_css_code=&#8221;LnZjX3R0YS1jb2xvci1ncmV5LnZjX3R0YS1zdHlsZS1vdXRsaW5lJTIwLnZjX3R0YS10YWIlM0VhJTdCJTBBJTIwJTIwJTIwJTIwY29sb3IlM0ElMjAlMjMyYzJlM2QlM0IlMEElN0Q=&#8221;][vc_column][vc_column_text]<\/p>\n<div class=\"title-h6\" style=\"text-align: center;\">Was wir anbieten<\/div>\n<p>[\/vc_column_text]<div class=\"clearboth\"><\/div><style>#thegem-divider-69f785b082540 {margin-top: 20px !important;}<\/style><div id=\"thegem-divider-69f785b082540\" class=\"gem-divider  \" style=\"\" ><\/div>[vc_column_text]<\/p>\n<div class=\"title-h2\" style=\"text-align: center;\">Unsere Ausfl\u00fcge<\/div>\n<p>[\/vc_column_text]<div class=\"clearboth\"><\/div><style>#thegem-divider-69f785b082569 {margin-top: 40px !important;}<\/style><div id=\"thegem-divider-69f785b082569\" class=\"gem-divider  \" style=\"\" ><\/div>[vc_column_text]<\/p>\n<div class=\"styled-subtitle\" style=\"text-align: center;\"><span style=\"color: #5f727f;\">Vier Alternativen f\u00fcr Ihre Bed\u00fcrfnisse<\/span><\/div>\n<p>[\/vc_column_text]<div class=\"clearboth\"><\/div><style>#thegem-divider-69f785b08257f {margin-top: 80px !important;}<\/style><div id=\"thegem-divider-69f785b08257f\" class=\"gem-divider  \" style=\"\" ><\/div>[vc_tta_tabs style=&#8221;outline&#8221; shape=&#8221;square&#8221; color=&#8221;grey&#8221; spacing=&#8221;5&#8243; active_section=&#8221;1&#8243;][vc_tta_section title=&#8221;Flipper Uno &#8211; 2 und 3 Stunden&#8221; tab_id=&#8221;1684146925744-6f4ef882-0184&#8243;][vc_row_inner equal_height=&#8221;yes&#8221;][vc_column_inner width=&#8221;1\/2&#8243;][vc_column_text]Wenn wir von der Anlegestelle in Los Gigantes abfahren, servieren wir einen kleinen Imbiss, ein Getr\u00e4nk und gehen auf die Suche nach Delfinen und\/oder Walen &#8211; einer von beiden garantiert (je nach Meeresbedingungen)! Nachdem wir die Wale fotografiert haben, segeln wir nahe an den Klippen von Masca und Los Gigantes vorbei. Diese Klippen geh\u00f6ren zu den h\u00f6chsten der Welt und erreichen eine H\u00f6he von fast 600 Metern. In einer der Buchten mit kristallklarem Wasser ankern wir und Sie k\u00f6nnen ein erfrischendes Bad genie\u00dfen. Der Einstieg ins Wasser ist einfach, entweder mit der Leiter oder auf spektakul\u00e4rere Weise: mit der Seilrutsche. Nach dem Schwimmen servieren wir das Mittagessen: eine Paella mit Huhn und Gem\u00fcse. Brot und ein St\u00fcck Obst. W\u00e4hrend des gesamten Ausflugs sind alle Getr\u00e4nke inbegriffen: Rotwein, Bier, Fanta, Cola, Wasser. An Bord gibt es einen F\u00fchrer, der Ihnen alles in Ihrer Sprache erkl\u00e4rt. Nach einer 3-st\u00fcndigen Fahrt kehren wir zur Anlegestelle von Los Gigantes zur\u00fcck. Vergessen Sie nicht: Kamera, Badesachen und gute Laune. Auf jedem Ausflug werden Sie von einem &#8220;Offiziellen Walbeobachtungsf\u00fchrer&#8221; begleitet. (Er\/sie gibt Informationen \u00fcber Delfine, Wale, Klippen usw.) In Ihrer eigenen Sprache! <\/p>\n<p> [\/vc_column_text][vc_column_text]<\/p>\n<h4 class=\"fusion-responsive-typography-calculated\" data-fontsize=\"28\" data-lineheight=\"38.08px\">Abfahrtszeiten<\/h4>\n<h6 class=\"fusion-responsive-typography-calculated\" data-fontsize=\"24\" data-lineheight=\"48px\">En temporada \u00abverano\u00bb (junio \u2013 agosto)<\/h6>\n<p class=\"fusion-responsive-typography-calculated\" data-fontsize=\"24\" data-lineheight=\"48px\">11.30 &#8211; 14.30 &#8211; 17.30 Uhr (11.30 und 14.30 Uhr, 3- und 2-st\u00fcndige Fahrten) (17.30 Uhr, 3 Stunden, jeden Tag der Woche &#8211; wird noch best\u00e4tigt)<\/p>\n<h6 class=\"fusion-responsive-typography-calculated\" data-fontsize=\"24\" data-lineheight=\"48px\">Reisen in der Saison &#8220;Winter&#8221; (September &#8211; Mai)<\/h6>\n<p class=\"fusion-responsive-typography-calculated\" data-fontsize=\"24\" data-lineheight=\"48px\">11:30 \u00b7 14:30 (3- und 2-st\u00fcndige Fahrten)<\/p>\n<h5 class=\"fusion-responsive-typography-calculated\" data-fontsize=\"24\" data-lineheight=\"48px\">Spezielle Anl\u00e4sse<\/h5>\n<p>F\u00fcr Ihre Party, Ihren Geburtstag, Ihren Junggesellenabschied oder jeden anderen Anlass k\u00f6nnen Sie das Boot f\u00fcr eine private Fahrt mieten. Sportvereine, Schulen, Parteikomitees, etc. Maximal 91 Passagiere.  [\/vc_column_text][\/vc_column_inner][vc_column_inner width=&#8221;1\/2&#8243;][vc_column_text]<iframe title=\"YouTube video player\" src=\"https:\/\/www.youtube.com\/embed\/QIw8vZQVloI\" width=\"560\" height=\"315\" frameborder=\"0\" allowfullscreen=\"allowfullscreen\"><\/iframe>[\/vc_column_text][\/vc_column_inner][\/vc_row_inner][\/vc_tta_section][vc_tta_section title=&#8221;Masca express &#8211; 2 Stunden&#8221; tab_id=&#8221;1684147055523-8bc7e71d-4339&#8243;][vc_row_inner equal_height=&#8221;yes&#8221;][vc_column_inner width=&#8221;1\/2&#8243;][vc_column_text]Wir haben zwei Boote, die unter dem Namen Masca Express vom Yachthafen Los Gigantes aus operieren. Wir bieten t\u00e4glich verschiedene Ausfl\u00fcge an, das ganze Jahr \u00fcber. Wir halten Ausschau nach Delfinen und Walen und fahren an den ber\u00fchmten Klippen mit ihren fast 600 Meter hohen Gipfeln vorbei. Bevor Sie Ihren Ausflug nach Masca planen, \u00fcberpr\u00fcfen Sie bitte unseren Fahrplan und kontaktieren Sie unser Verkaufsteam, um die Termine zu best\u00e4tigen. Das Unternehmen beh\u00e4lt sich das Recht vor, die Fahrpl\u00e4ne aufgrund von schlechtem Wetter ohne vorherige Ank\u00fcndigung zu \u00e4ndern. <\/p>\n<p> [\/vc_column_text][vc_column_text]<\/p>\n<h4 class=\"fusion-responsive-typography-calculated\" data-fontsize=\"28\" data-lineheight=\"38.08px\">Abfahrtszeiten<\/h4>\n<h6 class=\"fusion-responsive-typography-calculated\" data-fontsize=\"24\" data-lineheight=\"48px\">Im Sommer<\/h6>\n<p class=\"fusion-responsive-typography-calculated\" data-fontsize=\"24\" data-lineheight=\"48px\">10.30, 11.30, 12.30, 13.30, 14.30, 15.30, 16.30 y a las 17.30<\/p>\n<p>[\/vc_column_text][\/vc_column_inner][vc_column_inner width=&#8221;1\/2&#8243;][vc_column_text]<iframe title=\"YouTube video player\" src=\"https:\/\/www.youtube.com\/embed\/Rc7LNdEy-PY\" width=\"560\" height=\"315\" frameborder=\"0\" allowfullscreen=\"allowfullscreen\"><\/iframe>[\/vc_column_text][\/vc_column_inner][\/vc_row_inner][\/vc_tta_section][vc_tta_section title=&#8221;Los r\u00e1pidos &#8211; 1.5 Stunden&#8221; tab_id=&#8221;1684147305959-a1c85de9-45cd&#8221;][vc_row_inner equal_height=&#8221;yes&#8221;][vc_column_inner width=&#8221;1\/2&#8243;][vc_column_text]El Rapido und El Rapido dos bieten jeden Tag mehrere 1,5-st\u00fcndige Ausfl\u00fcge an.<\/p>\n<p>&nbsp;<\/p>\n<p>Aufgrund ihrer geringen Gr\u00f6\u00dfe und Geschwindigkeit sind diese Boote ideal f\u00fcr kleine Gruppen oder als Abholer von der ber\u00fchmten Masca-Wanderung.<\/p>\n<p>Bitte beachten Sie, dass wir aufgrund der begrenzten Anzahl von Pl\u00e4tzen (12) empfehlen, Ihren Platz im Voraus zu reservieren (das Unternehmen beh\u00e4lt sich das Recht vor, den Fahrplan ohne Vorank\u00fcndigung zu \u00e4ndern, wenn das Wetter nicht mitspielt oder die Schifffahrt gef\u00e4hrdet ist).<\/p>\n<p>[\/vc_column_text][\/vc_column_inner][vc_column_inner width=&#8221;1\/2&#8243;][vc_column_text]<iframe title=\"YouTube video player\" src=\"https:\/\/www.youtube.com\/embed\/terI9x6aZSs\" width=\"560\" height=\"315\" frameborder=\"0\" allowfullscreen=\"allowfullscreen\"><\/iframe>[\/vc_column_text][\/vc_column_inner][\/vc_row_inner][\/vc_tta_section][vc_tta_section title=&#8221;Masca express &#8211; Kollektion in Masca&#8221; tab_id=&#8221;1684147359014-b7e9dd60-4cc6&#8243;][vc_row_inner equal_height=&#8221;yes&#8221;][vc_column_inner width=&#8221;1\/2&#8243;][vc_column_text]Masca Express bietet das ganze Jahr \u00fcber Transfers von Masca nach Los Gigantes an. Masca Express bietet flexible Fahrpl\u00e4ne f\u00fcr die Hin- und R\u00fcckfahrt.<\/p>\n<p>Ein Besuch in Masca ist ein Muss f\u00fcr jeden Teneriffa-Urlauber. Mehrere Abfahrten vom Hafen von Los Gigantes erm\u00f6glichen diese Route auf einer bequemen Promenade, die bei Erreichen der Schlucht einen spektakul\u00e4ren Blick auf die Steilk\u00fcste bietet, dank der Boote des Unternehmens Masca Express. Sie k\u00f6nnen die Fahrpl\u00e4ne und Tarife unseres Dienstes einsehen und uns kontaktieren, wenn Sie weitere Informationen \u00fcber Ihren Besuch in Masca von Los Gigantes und umgekehrt ben\u00f6tigen.<\/p>\n<p>Bevor Sie Ihren Ausflug nach La Masca planen, empfehlen wir Ihnen, unsere Fahrpl\u00e4ne zu konsultieren und unser Verkaufsteam zu kontaktieren, um sicherzustellen, dass Ihre Pl\u00e4ne korrekt sind. Das Unternehmen beh\u00e4lt sich das Recht vor, die Fahrpl\u00e4ne ohne Vorank\u00fcndigung zu \u00e4ndern, wenn das Wetter nicht mitspielt und zum Wohle der Fahrg\u00e4ste. [\/vc_column_text][vc_column_text]<\/p>\n<h4 class=\"fusion-responsive-typography-calculated\" data-fontsize=\"28\" data-lineheight=\"38.08px\">Zeiten der Abholung<\/h4>\n<h5 class=\"fusion-responsive-typography-calculated\" data-fontsize=\"24\" data-lineheight=\"48px\">Sommer oder Winter<\/h5>\n<p class=\"fusion-responsive-typography-calculated\" data-fontsize=\"24\" data-lineheight=\"48px\">10.30, 11.30, 12.30, 13.30, 15.30 ,17.30<\/p>\n<p>[\/vc_column_text][\/vc_column_inner][vc_column_inner width=&#8221;1\/2&#8243;][vc_column_text]<iframe title=\"YouTube video player\" src=\"https:\/\/www.youtube.com\/embed\/LoD16muKuuY\" width=\"560\" height=\"315\" frameborder=\"0\" allowfullscreen=\"allowfullscreen\"><\/iframe>[\/vc_column_text][\/vc_column_inner][\/vc_row_inner][\/vc_tta_section][\/vc_tta_tabs][\/vc_column][vc_column]<div class=\"clearboth\"><\/div><style>#thegem-divider-69f785b082592 {margin-top: 20px !important;}<\/style><div id=\"thegem-divider-69f785b082592\" class=\"gem-divider  \" style=\"\" ><\/div>[\/vc_column][\/vc_row]<\/p>\n<\/div>","protected":false},"excerpt":{"rendered":"<p>[vc_row full_width=&#8221;stretch_row&#8221; css=&#8221;.vc_custom_1587117496982{margin-bottom: 0px !important;padding-bottom: 100px !important;}&#8221; custom_css_code=&#8221;LnZjX3R0YS1jb2xvci1ncmV5LnZjX3R0YS1zdHlsZS1vdXRsaW5lJTIwLnZjX3R0YS10YWIlM0VhJTdCJTBBJTIwJTIwJTIwJTIwY29sb3IlM0ElMjAlMjMyYzJlM2QlM0IlMEElN0Q=&#8221;][vc_column][vc_column_text] Was wir anbieten [\/vc_column_text][vc_column_text] Unsere Ausfl\u00fcge [\/vc_column_text][vc_column_text] Vier Alternativen f\u00fcr Ihre Bed\u00fcrfnisse&#8230;<\/p>\n","protected":false},"author":1,"featured_media":0,"parent":0,"menu_order":0,"comment_status":"closed","ping_status":"open","template":"","meta":{"footnotes":""},"class_list":["post-7568","page","type-page","status-publish"],"_links":{"self":[{"href":"https:\/\/flipperuno.com\/de\/wp-json\/wp\/v2\/pages\/7568","targetHints":{"allow":["GET"]}}],"collection":[{"href":"https:\/\/flipperuno.com\/de\/wp-json\/wp\/v2\/pages"}],"about":[{"href":"https:\/\/flipperuno.com\/de\/wp-json\/wp\/v2\/types\/page"}],"author":[{"embeddable":true,"href":"https:\/\/flipperuno.com\/de\/wp-json\/wp\/v2\/users\/1"}],"replies":[{"embeddable":true,"href":"https:\/\/flipperuno.com\/de\/wp-json\/wp\/v2\/comments?post=7568"}],"version-history":[{"count":3,"href":"https:\/\/flipperuno.com\/de\/wp-json\/wp\/v2\/pages\/7568\/revisions"}],"predecessor-version":[{"id":7840,"href":"https:\/\/flipperuno.com\/de\/wp-json\/wp\/v2\/pages\/7568\/revisions\/7840"}],"wp:attachment":[{"href":"https:\/\/flipperuno.com\/de\/wp-json\/wp\/v2\/media?parent=7568"}],"curies":[{"name":"wp","href":"https:\/\/api.w.org\/{rel}","templated":true}]}}