{"id":7567,"date":"2018-10-19T14:50:17","date_gmt":"2018-10-19T14:50:17","guid":{"rendered":"https:\/\/flipperuno.com\/kontakt\/"},"modified":"2023-09-14T14:18:57","modified_gmt":"2023-09-14T14:18:57","slug":"kontakt","status":"publish","type":"page","link":"https:\/\/flipperuno.com\/de\/kontakt\/","title":{"rendered":"Kontakt"},"content":{"rendered":"<div class=\"wpb-content-wrapper\"><p>[vc_row full_width=&#8221;stretch_row_content_no_spaces&#8221; css=&#8221;.vc_custom_1538144514535{margin-top: 0px !important;margin-bottom: 0px !important;padding-top: 0px !important;padding-bottom: 0px !important;}&#8221;][vc_column css_animation=&#8221;bottom-to-top&#8221; css=&#8221;.vc_custom_1538476615722{margin-top: 0px !important;margin-bottom: 0px !important;padding-top: 0px !important;padding-bottom: 0px !important;}&#8221;]<div class=\"gem-map-with-text\"><div class=\"gem-map-with-text-content\" style=\"\"><\/div><div class=\"gem-map-with-text-map\">[vc_gmaps link=\"#E-8_aHR0cHMlM0ElMkYlMkZ3d3cuZ29vZ2xlLmNvbSUyRm1hcHMlMkZlbWJlZCUzRnBiJTNEJTIxMW0xOCUyMTFtMTIlMjExbTMlMjExZDM1MTQuNzI0OTg1OTg2Mzc3OCUyMTJkLTE2Ljg0NDg2OTYyNDA3NzQ5MyUyMTNkMjguMjQ2MDI1ODAxNTI2NzAyJTIxMm0zJTIxMWYwJTIxMmYwJTIxM2YwJTIxM20yJTIxMWkxMDI0JTIxMmk3NjglMjE0ZjEzLjElMjEzbTMlMjExbTIlMjExczB4YzZhOGMzODllM2U4Zjk5JTI1M0EweDMwZTZhNmJjOTQwNjE4YjUlMjEyc0ZsaXBwZXIlMjUyMFVubyUyMTVlMCUyMTNtMiUyMTFzZXMlMjEyc2VzJTIxNHYxNjg0MzEwMDk4ODQ5JTIxNW0yJTIxMXNlcyUyMTJzZXM=\" size=\"660\" disable_scroll=\"1\" hide_title=\"1\"]<\/div><\/div>[\/vc_column][\/vc_row][vc_row css=&#8221;.vc_custom_1684310779456{margin-top: 50px !important;}&#8221;][vc_column width=&#8221;1\/2&#8243;][vc_column_text]<\/p>\n<h3 class=\"fusion-responsive-typography-calculated\" data-fontsize=\"55\" data-lineheight=\"59.95px\">Kontaktieren Sie uns unter<\/h3>\n<p>Wenn Sie mit uns Kontakt aufnehmen m\u00f6chten, f\u00fcllen Sie bitte das nachstehende Formular aus, und wir werden uns so bald wie m\u00f6glich bei Ihnen melden:<\/p>\n<p>(Damit ist Ihr Platz auf der Exkursion NICHT garantiert. Sie werden eine E-Mail mit der Best\u00e4tigung erhalten)[\/vc_column_text]\n<div class=\"wpcf7 no-js\" id=\"wpcf7-f7607-o1\" lang=\"es-ES\" dir=\"ltr\" data-wpcf7-id=\"7607\">\n<div class=\"screen-reader-response\"><p role=\"status\" aria-live=\"polite\" aria-atomic=\"true\"><\/p> <ul><\/ul><\/div>\n<form action=\"\/de\/wp-json\/wp\/v2\/pages\/7567#wpcf7-f7607-o1\" method=\"post\" class=\"wpcf7-form init\" aria-label=\"Formulario de contacto\" novalidate=\"novalidate\" data-status=\"init\">\n<fieldset class=\"hidden-fields-container\"><legend class=\"screen-reader-text\">Hidden fields<\/legend><input type=\"hidden\" name=\"_wpcf7\" value=\"7607\" \/><input type=\"hidden\" name=\"_wpcf7_version\" value=\"6.1.5\" \/><input type=\"hidden\" name=\"_wpcf7_locale\" value=\"es_ES\" \/><input type=\"hidden\" name=\"_wpcf7_unit_tag\" value=\"wpcf7-f7607-o1\" \/><input type=\"hidden\" name=\"_wpcf7_container_post\" value=\"0\" \/><input type=\"hidden\" name=\"_wpcf7_posted_data_hash\" value=\"\" \/><input type=\"hidden\" name=\"_wpcf7_recaptcha_response\" value=\"\" \/>\n<\/fieldset>\n<label> Name (erforderlich)\n    <span class=\"wpcf7-form-control-wrap\" data-name=\"your-name\"><input size=\"40\" maxlength=\"400\" class=\"wpcf7-form-control wpcf7-text wpcf7-validates-as-required\" autocomplete=\"name\" aria-required=\"true\" aria-invalid=\"false\" value=\"\" type=\"text\" name=\"your-name\" \/><\/span> <\/label>\n\n<label> E-Mail (erforderlich)\n    <span class=\"wpcf7-form-control-wrap\" data-name=\"your-email\"><input size=\"40\" maxlength=\"400\" class=\"wpcf7-form-control wpcf7-email wpcf7-validates-as-required wpcf7-text wpcf7-validates-as-email\" autocomplete=\"email\" aria-required=\"true\" aria-invalid=\"false\" value=\"\" type=\"email\" name=\"your-email\" \/><\/span> <\/label>\n\n<label> Betreff\n    <span class=\"wpcf7-form-control-wrap\" data-name=\"your-subject\"><input size=\"40\" maxlength=\"400\" class=\"wpcf7-form-control wpcf7-text\" aria-invalid=\"false\" value=\"\" type=\"text\" name=\"your-subject\" \/><\/span> <\/label>\n\n<label> Nachricht\n    <span class=\"wpcf7-form-control-wrap\" data-name=\"your-message\"><textarea cols=\"40\" rows=\"10\" maxlength=\"2000\" class=\"wpcf7-form-control wpcf7-textarea\" aria-invalid=\"false\" name=\"your-message\"><\/textarea><\/span> <\/label>\n\n<span class=\"wpcf7-form-control-wrap\" data-name=\"acceptance-382\"><span class=\"wpcf7-form-control wpcf7-acceptance\"><span class=\"wpcf7-list-item\"><label><input type=\"checkbox\" name=\"acceptance-382\" value=\"1\" aria-invalid=\"false\" \/><span class=\"wpcf7-list-item-label\">Ich habe die <a href=\"https:\/\/flipperuno.com\/de\/politica-de-privacidad\/\" rel=\"noopener\">Datenschutzbestimmungen gelesen<\/a> und akzeptiere sie<\/span><\/label><\/span><\/span><\/span>\n\n<input class=\"wpcf7-form-control wpcf7-submit has-spinner\" type=\"submit\" value=\"Senden an\" \/><div class=\"wpcf7-response-output\" aria-hidden=\"true\"><\/div>\n<\/form>\n<\/div>\n[\/vc_column][vc_column width=&#8221;1\/2&#8243;][vc_column_text]<\/p>\n<h3>Adresse<\/h3>\n<div class=\"wpb_text_column wpb_content_element thegem-vc-text thegem-custom-64648b6d420538239\">\n<div class=\"wpb_wrapper\">\n<p>Calle Poblado Marinero, local 20,<br \/>\n38683 Los Gigantes,<br \/>\nSantiago del Teide, Teneriffa<br \/>\nJeden Tag, von 09.00- 19.00 Uhr<\/p>\n<\/div>\n<\/div>\n<p>[\/vc_column_text][vc_column_text]<\/p>\n<h3>Telefone<\/h3>\n<p>(+34) 922 86 21 20 , (+34) 922 86 08 96, (+34) 607 169 886<br \/>\nDas B\u00fcro ist jeden Tag in der Woche von 09.00 Uhr bis 19.00 Uhr ge\u00f6ffnet.[\/vc_column_text][\/vc_column][\/vc_row]<\/p>\n<\/div>","protected":false},"excerpt":{"rendered":"<p>[vc_row full_width=&#8221;stretch_row_content_no_spaces&#8221; css=&#8221;.vc_custom_1538144514535{margin-top: 0px !important;margin-bottom: 0px !important;padding-top: 0px !important;padding-bottom: 0px !important;}&#8221;][vc_column css_animation=&#8221;bottom-to-top&#8221; css=&#8221;.vc_custom_1538476615722{margin-top: 0px !important;margin-bottom: 0px !important;padding-top: 0px !important;padding-bottom: 0px&#8230;<\/p>\n","protected":false},"author":1,"featured_media":0,"parent":0,"menu_order":0,"comment_status":"closed","ping_status":"open","template":"","meta":{"footnotes":""},"class_list":["post-7567","page","type-page","status-publish"],"_links":{"self":[{"href":"https:\/\/flipperuno.com\/de\/wp-json\/wp\/v2\/pages\/7567","targetHints":{"allow":["GET"]}}],"collection":[{"href":"https:\/\/flipperuno.com\/de\/wp-json\/wp\/v2\/pages"}],"about":[{"href":"https:\/\/flipperuno.com\/de\/wp-json\/wp\/v2\/types\/page"}],"author":[{"embeddable":true,"href":"https:\/\/flipperuno.com\/de\/wp-json\/wp\/v2\/users\/1"}],"replies":[{"embeddable":true,"href":"https:\/\/flipperuno.com\/de\/wp-json\/wp\/v2\/comments?post=7567"}],"version-history":[{"count":2,"href":"https:\/\/flipperuno.com\/de\/wp-json\/wp\/v2\/pages\/7567\/revisions"}],"predecessor-version":[{"id":8147,"href":"https:\/\/flipperuno.com\/de\/wp-json\/wp\/v2\/pages\/7567\/revisions\/8147"}],"wp:attachment":[{"href":"https:\/\/flipperuno.com\/de\/wp-json\/wp\/v2\/media?parent=7567"}],"curies":[{"name":"wp","href":"https:\/\/api.w.org\/{rel}","templated":true}]}}