{"id":7566,"date":"2023-05-09T10:24:44","date_gmt":"2023-05-09T10:24:44","guid":{"rendered":"https:\/\/flipperuno.com\/kauf-und-widerrufsbedingungen\/"},"modified":"2023-07-06T09:23:54","modified_gmt":"2023-07-06T09:23:54","slug":"kauf-und-widerrufsbedingungen","status":"publish","type":"page","link":"https:\/\/flipperuno.com\/de\/kauf-und-widerrufsbedingungen\/","title":{"rendered":"Kauf- und Widerrufsbedingungen"},"content":{"rendered":"<div class=\"wpb-content-wrapper\"><p>[vc_row][vc_column][vc_column_text]<\/p>\n<h3><strong>Kauf- und Widerrufsbedingungen<\/strong><\/h3>\n<p class=\"p1\">Sobald Sie Ihre Buchungsbest\u00e4tigung erhalten haben, m\u00fcssen Sie diese am Tag des Ausflugs mindestens eine halbe Stunde vor der Abfahrt in unserem Flipper Uno-B\u00fcro vorlegen, das sich am Eingang zur Anlegestelle Los Gigantes befindet.<\/p>\n<p class=\"p1\">Um an Ihrer Reise teilnehmen zu k\u00f6nnen, m\u00fcssen Sie dem jeweiligen Leistungserbringer den originalen und authentischen Voucher vorlegen. Ihre Buchung kann ohne Vorlage eines g\u00fcltigen Vouchers nicht angenommen oder zugelassen werden. Die Vorlage des Vouchers in digitaler Form (z. B. auf Ihrem Telefon oder Tablet) wird ebenfalls akzeptiert.  <\/p>\n<p class=\"p1\"><b>Wichtig.<\/b> Das Alter der Kinder von 2 bis 12 Jahren wird w\u00e4hrend der Bootsfahrt \u00fcberpr\u00fcft.<\/p>\n<h3 class=\"p1\"><strong>Kann ich eine Reservierung stornieren?<\/strong><\/h3>\n<p class=\"p1\">Ja, die Buchung kann mindestens 24 Stunden im Voraus storniert werden, und wir erstatten 100 % des gezahlten Betrags. Wenn die Stornierung weniger als 24 Stunden im Voraus erfolgt, bedeutet dies den Verlust von 100% des gezahlten Betrags. <\/p>\n<h3 class=\"p1\"><strong>Was passiert, wenn die Aktivit\u00e4t abgesagt oder verschoben wird?<\/strong><\/h3>\n<p class=\"p1\">Sollte sich die Aktivit\u00e4t verz\u00f6gern, wird es keine \u00c4nderungen geben, da wir die vertraglich vereinbarte Zeit einhalten.<\/p>\n<p class=\"p1\">Wenn die Aktivit\u00e4t aufgrund der Wetterbedingungen abgesagt wird, werden Datum und Uhrzeit ge\u00e4ndert. Wenn Sie nicht an der Aktivit\u00e4t teilnehmen k\u00f6nnen, wird Ihnen der gezahlte Betrag zur\u00fcckerstattet. <\/p>\n<h3 class=\"p1\"><strong>Kann ich das Datum meiner Buchung \u00e4ndern?<\/strong><\/h3>\n<p class=\"p1\">Ja, Sie k\u00f6nnen Ihre Buchung mindestens 24 Stunden im Voraus \u00e4ndern, sofern an dem von Ihnen gew\u00e4hlten neuen Datum noch Pl\u00e4tze frei sind.<\/p>\n<p>[\/vc_column_text][\/vc_column][\/vc_row]<\/p>\n<\/div>","protected":false},"excerpt":{"rendered":"<p>[vc_row][vc_column][vc_column_text] Kauf- und Widerrufsbedingungen Sobald Sie Ihre Buchungsbest\u00e4tigung erhalten haben, m\u00fcssen Sie diese am Tag des Ausflugs mindestens eine halbe&#8230;<\/p>\n","protected":false},"author":1,"featured_media":0,"parent":0,"menu_order":0,"comment_status":"closed","ping_status":"open","template":"","meta":{"footnotes":""},"class_list":["post-7566","page","type-page","status-publish"],"_links":{"self":[{"href":"https:\/\/flipperuno.com\/de\/wp-json\/wp\/v2\/pages\/7566","targetHints":{"allow":["GET"]}}],"collection":[{"href":"https:\/\/flipperuno.com\/de\/wp-json\/wp\/v2\/pages"}],"about":[{"href":"https:\/\/flipperuno.com\/de\/wp-json\/wp\/v2\/types\/page"}],"author":[{"embeddable":true,"href":"https:\/\/flipperuno.com\/de\/wp-json\/wp\/v2\/users\/1"}],"replies":[{"embeddable":true,"href":"https:\/\/flipperuno.com\/de\/wp-json\/wp\/v2\/comments?post=7566"}],"version-history":[{"count":2,"href":"https:\/\/flipperuno.com\/de\/wp-json\/wp\/v2\/pages\/7566\/revisions"}],"predecessor-version":[{"id":7606,"href":"https:\/\/flipperuno.com\/de\/wp-json\/wp\/v2\/pages\/7566\/revisions\/7606"}],"wp:attachment":[{"href":"https:\/\/flipperuno.com\/de\/wp-json\/wp\/v2\/media?parent=7566"}],"curies":[{"name":"wp","href":"https:\/\/api.w.org\/{rel}","templated":true}]}}